{"id":79,"date":"2021-10-02T20:25:39","date_gmt":"2021-10-02T20:25:39","guid":{"rendered":"https:\/\/itblog.rs\/?page_id=2"},"modified":"2021-10-02T20:25:39","modified_gmt":"2021-10-02T20:25:39","slug":"sample-page-2","status":"publish","type":"page","link":"https:\/\/itblog.rs\/index.php\/sample-page-2\/","title":{"rendered":"O sajtu"},"content":{"rendered":"\n<p class=\"has-text-align-left\">Ova web stranica nastala je sa idejom da se na srpskom jeziku pi\u0161e i komentari\u0161e o softveru, hardveru i svim promenama u svetu informacionih tehnologija. Ideja nije da ovo bude jo\u0161 jedno mesto koje \u0107e kopirati vesti objavljene na stranim portalima, ve\u0107 pre svega originalan sadr\u017eaj namenjen entuzijastima.<\/p>\n\n\n\n<p class=\"has-text-align-left\">Pisa\u0107emo pre svega tutorijale i komentare, testira\u0107emo softver i poneki komad hardvera koji do\u0111e pod ruku. Razmatra\u0107emo \u0161ta promene donose. Bavi\u0107emo se novim i starim operativnim sistemima, kao i popularisanjem slobodnog softvera.<\/p>\n\n\n\n<blockquote class=\"wp-block-quote is-layout-flow wp-block-quote-is-layout-flow\"><p>Mislim da je \u0161teta \u0161to ne mo\u017eete da po\u010dnete od po\u010detka, <em>from scratch<\/em>, sa nekim kompjuterima koje ste u stanju da razumete, da razumete njihovu strukturu do kraja. Ja sam imao tu sre\u0107u da rastem u to doba kada su kompjuteri uglavnom bili jednostavni i kada su mogli da se razvijaju. Onda sam kroz tu strukturu mogao da u\u010dim. Danas su kompjuteri bela tehnika. Nekada su bili \u010dudo prirode. Kao \u0161to \u010doveka mo\u017ee da ne zanima kako radi fri\u017eider \u2013 \u0161ta ga briga, dok on hladi to je to. To je problem s kojim vi nekako treba da iza\u0111ete na kraj.<\/p><cite>Voja Antoni\u0107 za startit.rs<\/cite><\/blockquote>\n","protected":false},"excerpt":{"rendered":"<p>Ova web stranica nastala je sa idejom da se na srpskom jeziku pi\u0161e i komentari\u0161e o softveru, hardveru i svim promenama u svetu informacionih tehnologija. Ideja nije da ovo bude jo\u0161 jedno mesto koje \u0107e kopirati vesti objavljene na stranim portalima, ve\u0107 pre svega originalan sadr\u017eaj namenjen entuzijastima. Pisa\u0107emo pre svega tutorijale i komentare, testira\u0107emo [&hellip;]<\/p>\n","protected":false},"author":1,"featured_media":0,"parent":0,"menu_order":0,"comment_status":"closed","ping_status":"open","template":"","meta":{"footnotes":""},"class_list":["post-79","page","type-page","status-publish","hentry"],"_links":{"self":[{"href":"https:\/\/itblog.rs\/index.php\/wp-json\/wp\/v2\/pages\/79","targetHints":{"allow":["GET"]}}],"collection":[{"href":"https:\/\/itblog.rs\/index.php\/wp-json\/wp\/v2\/pages"}],"about":[{"href":"https:\/\/itblog.rs\/index.php\/wp-json\/wp\/v2\/types\/page"}],"author":[{"embeddable":true,"href":"https:\/\/itblog.rs\/index.php\/wp-json\/wp\/v2\/users\/1"}],"replies":[{"embeddable":true,"href":"https:\/\/itblog.rs\/index.php\/wp-json\/wp\/v2\/comments?post=79"}],"version-history":[{"count":0,"href":"https:\/\/itblog.rs\/index.php\/wp-json\/wp\/v2\/pages\/79\/revisions"}],"wp:attachment":[{"href":"https:\/\/itblog.rs\/index.php\/wp-json\/wp\/v2\/media?parent=79"}],"curies":[{"name":"wp","href":"https:\/\/api.w.org\/{rel}","templated":true}]}}